{"id":5046,"date":"2025-01-25T21:06:54","date_gmt":"2025-01-25T21:06:54","guid":{"rendered":"https:\/\/www.18x24.it\/?page_id=5046"},"modified":"2025-10-26T22:26:53","modified_gmt":"2025-10-26T22:26:53","slug":"gia","status":"publish","type":"page","link":"https:\/\/www.18x24.it\/?page_id=5046","title":{"rendered":"GI\u00c0"},"content":{"rendered":"\n<hr class=\"wp-block-separator has-text-color has-vivid-red-color has-css-opacity has-vivid-red-background-color has-background is-style-wide\"\/>\n\n\n\n<p class=\"has-x-large-font-size\"><strong>APPUNTO,<\/strong> gi\u00e0<\/p>\n\n\n\n<figure class=\"wp-block-gallery has-nested-images columns-default is-cropped wp-block-gallery-1 is-layout-flex wp-block-gallery-is-layout-flex\">\n<figure class=\"wp-block-image size-large\"><img loading=\"lazy\" decoding=\"async\" width=\"1800\" height=\"1200\" data-id=\"231\" src=\"http:\/\/www.18x24.it\/wp-content\/uploads\/2012\/03\/kite-1800x1200.jpg\" alt=\"kite los roques copy mrlukkor\" class=\"wp-image-231\" srcset=\"https:\/\/www.18x24.it\/wp-content\/uploads\/2012\/03\/kite-1800x1200.jpg 1800w, https:\/\/www.18x24.it\/wp-content\/uploads\/2012\/03\/kite-620x413.jpg 620w\" sizes=\"auto, (max-width: 1800px) 100vw, 1800px\" \/><figcaption class=\"wp-element-caption\">KITE<\/figcaption><\/figure>\n<\/figure>\n\n\n\n<div style=\"height:300px\" aria-hidden=\"true\" class=\"wp-block-spacer\"><\/div>\n\n\n\n<p>Venezuela, Los Roques. L&#8217;aereo pronto al decollo per il rientro a Caracas ha avuto un sussulto ai motori quando ha percepito il forte desiderio di uno dei suoi passeggeri in procinto all&#8217;imbarco di non salire e restare. <br>Perch\u00e9 Lu sal\u00ec invece di restare? <br>Qualcosa da quelle parti sarebbe riuscito a fare, un modo di sbarcare il lunario forse l&#8217;avrebbe trovato. Non \u00e8 Lu uno che rincorre le firme come sogno e realizzazione di vita. <br>S&#8217;imbarc\u00f2 su quel volo per senso di responsabilit\u00e0 perch\u00e9 ancora amava una persona. <br>L&#8217;aria da quelle parti era aria pulita. <br>L&#8217;aria. <br>E l&#8217;Anima di Lu. <br>Di Lu.<br>Solo di Lu.<br>Migliore, quell&#8217;aria caraibica, dell&#8217;aria respirata a roma anni dopo quei voli, quel viaggio. <br>Mi sarebbe piaciuto respirare sempre aria pulita, pensare e vivere in modo diverso da come \u00e8 stato. <br>Un risultato per i quale posso solo dire grazie a quei due in costante litigio che mi hanno indotto a scappar di casa e scegliere la persona sbagliata. <br>Fosse stata aria diversa in Govoni 15 la mia vita sarebbe andata in modo diverso, non avrei sentito il desiderio di fuggire e quella voglia di avere un &#8220;ambiente&#8221; tutto mio scollegato dal cordone ombelicale d&#8217;origine. Desiderio che forse avrebbe potuto essere esaudito con la biondina di architettura per la quale tanto mi prodigavo perch\u00e9 i suoi disegni tra le navate di Santa Maria del Popolo fossero i pi\u00f9 belli del corso. <br>Ecco perch\u00e9 di sottofondo alle mie foto c&#8217;\u00e8 sempre la tensione al bello dell&#8217;Arte.<br>Lo sferzare dei Sessanta Stridenti \u00e8 ancora un brutto e vivo ricordo. <br>Mi sarebbe piaciuto, invece, regnasse la serenit\u00e0. <br>Come figlio non l&#8217;ho mai provata.<br>Pure primogenito, cos\u00ec sempre al fronte.<br>Qui potrebbe esser svelato il motivo di un nome simile all&#8217;odioso marchio automobilistico, <br>un desiderio di sempre mai realizzato. <br>Audi, odiosi.<br>Diventa: A.U.D.S.<br>Avevo Un Desiderio Solo.<br>Quale?<br>Tu che forse leggerai forse potresti capirlo.<br>Sono un Uomo. <br>Non un calabrone che passa di fiore in fiore.<\/p>\n\n\n\n<p>Amare Una Donna Sola<br>Nella vita e per tutta la vita.<br>Ne sarei stato capace.<\/p>\n\n\n\n<div style=\"height:300px\" aria-hidden=\"true\" class=\"wp-block-spacer\"><\/div>\n\n\n\n<hr class=\"wp-block-separator has-text-color has-vivid-red-color has-css-opacity has-vivid-red-background-color has-background is-style-wide\"\/>\n\n\n\n<p class=\"has-text-align-center\">Pensata, la pagina<br>IN roma ed in ricordo di Santa Maria del Popolo, del &#8220;mio&#8221; prof di Storia dell&#8217;Arte <br>in Facolt\u00e0 di Architettura, Valle Giulia e Fontanella Borghese, La Sapienza.<br>Furio Fasolo. <br>Bellissima la sua Alfa Romeo 1750 Coup\u00e9.<br>Da portaborse la guidavo IO.<br>I&#8217;m.<\/p>\n\n\n\n<div style=\"height:300px\" aria-hidden=\"true\" class=\"wp-block-spacer\"><\/div>\n\n\n\n<p class=\"has-small-font-size\"><em>Non nacqui biscia di marana.<\/em><\/p>\n","protected":false},"excerpt":{"rendered":"<p>APPUNTO, gi\u00e0 KITE Venezuela, Los Roques. L&#8217;aereo pronto al decollo per il rientro a Caracas ha avuto un sussulto ai motori quando ha percepito il forte desiderio di uno dei suoi passeggeri in procinto all&#8217;imbarco di non salire e restare. Perch\u00e9 Lu sal\u00ec invece di restare? Qualcosa da quelle parti sarebbe riuscito a fare, un modo di sbarcare il lunario &#8230;<\/p>\n","protected":false},"author":1,"featured_media":231,"parent":0,"menu_order":0,"comment_status":"closed","ping_status":"closed","template":"page-wide.php","meta":{"ngg_post_thumbnail":0,"iawp_total_views":5,"footnotes":""},"class_list":["post-5046","page","type-page","status-publish","has-post-thumbnail","hentry"],"_links":{"self":[{"href":"https:\/\/www.18x24.it\/index.php?rest_route=\/wp\/v2\/pages\/5046","targetHints":{"allow":["GET"]}}],"collection":[{"href":"https:\/\/www.18x24.it\/index.php?rest_route=\/wp\/v2\/pages"}],"about":[{"href":"https:\/\/www.18x24.it\/index.php?rest_route=\/wp\/v2\/types\/page"}],"author":[{"embeddable":true,"href":"https:\/\/www.18x24.it\/index.php?rest_route=\/wp\/v2\/users\/1"}],"replies":[{"embeddable":true,"href":"https:\/\/www.18x24.it\/index.php?rest_route=%2Fwp%2Fv2%2Fcomments&post=5046"}],"version-history":[{"count":25,"href":"https:\/\/www.18x24.it\/index.php?rest_route=\/wp\/v2\/pages\/5046\/revisions"}],"predecessor-version":[{"id":13658,"href":"https:\/\/www.18x24.it\/index.php?rest_route=\/wp\/v2\/pages\/5046\/revisions\/13658"}],"wp:featuredmedia":[{"embeddable":true,"href":"https:\/\/www.18x24.it\/index.php?rest_route=\/wp\/v2\/media\/231"}],"wp:attachment":[{"href":"https:\/\/www.18x24.it\/index.php?rest_route=%2Fwp%2Fv2%2Fmedia&parent=5046"}],"curies":[{"name":"wp","href":"https:\/\/api.w.org\/{rel}","templated":true}]}}