{"id":1373,"date":"2013-11-24T08:00:43","date_gmt":"2013-11-24T08:00:43","guid":{"rendered":"http:\/\/www.18x24.it\/?page_id=1373"},"modified":"2025-10-05T17:17:53","modified_gmt":"2025-10-05T17:17:53","slug":"book","status":"publish","type":"page","link":"https:\/\/www.18x24.it\/?page_id=1373","title":{"rendered":"BAH&#8230;"},"content":{"rendered":"<h1>&nbsp;<\/h1>\n<p>Ma io cosa ho da dire?<br>Direi proprio nulla.<br>Mi piace la fotografia e fotografo per me, non per gli altri.<br>Pubblico le foto perch\u00e9 voglio poterle vedere sempre, in ogni luogo.<br>E da qualsiasi &#8220;dispositivo&#8221;.<br>Meglio se un prodotto Apple.<\/p>\n<p><strong>Appendice.<\/strong> 12 luglio 2018.<br>Logica conclusione di qualcosa che &#8220;sentivo&#8221; dal 16 Agosto 2016, quando le lacrime viste negli specchietti di una Subaru non furono capite ma divennero chiare a settembre. Un&#8217;altra persona. Ma per il culo non mi ci faccio prendere. Le cimici non creano solo pruriti, chiariscono la bassezza delle persone.&nbsp; Addio Nicoletta.<br>Ti ho cancellato dai ogni possibilit\u00e0 di contatto.&nbsp;<br>Eri inesistente da tempo, molto.<br>Non aveva alcun senso avere una traccia di te da qualche parte.<br>Non canceller\u00f2 tutte le tue fotografie perch\u00e9 inutile cancellare ci\u00f2 che non esiste pi\u00f9.<\/p>\n\n        <style type='text\/css'>\n            #gallery-1 {\n                margin: auto;\n            }\n            #gallery-1 .gallery-item {\n                float: left;\n                margin-top: 10px;\n                text-align: center;\n                width: 33%;\n            }\n            #gallery-1 img {\n                border: 2px solid #cfcfcf;\n            }\n            #gallery-1 .gallery-caption {\n                margin-left: 0;\n            }\n        <\/style>\n        <!-- see gallery_shortcode() in wp-includes\/media.php -->\n\t\t<div id='gallery-1' class='gallery themeworks-gallery flexslider galleryid-1373 gallery-columns-3 gallery-size-large'><ul class='slides'><li><img loading=\"lazy\" decoding=\"async\" width=\"1200\" height=\"942\" src=\"https:\/\/www.18x24.it\/wp-content\/uploads\/2013\/11\/window_Copy-Mrlukkor-1280x1005.jpg\" class=\"attachment-large size-large\" alt=\"\" srcset=\"https:\/\/www.18x24.it\/wp-content\/uploads\/2013\/11\/window_Copy-Mrlukkor-1280x1005.jpg 1280w, https:\/\/www.18x24.it\/wp-content\/uploads\/2013\/11\/window_Copy-Mrlukkor-900x707.jpg 900w\" sizes=\"auto, (max-width: 1200px) 100vw, 1200px\" \/>\n                <p class='flex-caption'>\n                Lighthouse Window\n                <\/p><\/li><li><img loading=\"lazy\" decoding=\"async\" width=\"1200\" height=\"1810\" src=\"https:\/\/www.18x24.it\/wp-content\/uploads\/2013\/02\/02330014-copia-1280x1931.jpg\" class=\"attachment-large size-large\" alt=\"HAPPY (c) luca romano\" srcset=\"https:\/\/www.18x24.it\/wp-content\/uploads\/2013\/02\/02330014-copia-1280x1931.jpg 1280w, https:\/\/www.18x24.it\/wp-content\/uploads\/2013\/02\/02330014-copia-900x1357.jpg 900w, https:\/\/www.18x24.it\/wp-content\/uploads\/2013\/02\/02330014-copia.jpg 2048w\" sizes=\"auto, (max-width: 1200px) 100vw, 1200px\" \/>\n                <p class='flex-caption'>\n                HAPPY (c) luca romano\n                <\/p><\/li><li><img loading=\"lazy\" decoding=\"async\" width=\"1200\" height=\"1803\" src=\"https:\/\/www.18x24.it\/wp-content\/uploads\/2013\/10\/HAT-e1382853968815-1280x1923.jpg\" class=\"attachment-large size-large\" alt=\"HAT @ mrlukkor\u00ae\" srcset=\"https:\/\/www.18x24.it\/wp-content\/uploads\/2013\/10\/HAT-e1382853968815-1280x1923.jpg 1280w, https:\/\/www.18x24.it\/wp-content\/uploads\/2013\/10\/HAT-e1382853968815-900x1352.jpg 900w\" sizes=\"auto, (max-width: 1200px) 100vw, 1200px\" \/>\n                <p class='flex-caption'>\n                HAT @ mrlukkor\u00ae\n                <\/p><\/li><li><img loading=\"lazy\" decoding=\"async\" width=\"1200\" height=\"798\" src=\"https:\/\/www.18x24.it\/wp-content\/uploads\/2013\/10\/MLK9565-1280x851.jpg\" class=\"attachment-large size-large\" alt=\"MyWIFE @ MRLUKKOR\u00ae\" srcset=\"https:\/\/www.18x24.it\/wp-content\/uploads\/2013\/10\/MLK9565-1280x851.jpg 1280w, https:\/\/www.18x24.it\/wp-content\/uploads\/2013\/10\/MLK9565-600x400.jpg 600w, https:\/\/www.18x24.it\/wp-content\/uploads\/2013\/10\/MLK9565-900x598.jpg 900w\" sizes=\"auto, (max-width: 1200px) 100vw, 1200px\" \/>\n                <p class='flex-caption'>\n                MyWIFE @ MRLUKKOR\u00ae\n                <\/p><\/li><li><img loading=\"lazy\" decoding=\"async\" width=\"1200\" height=\"798\" src=\"https:\/\/www.18x24.it\/wp-content\/uploads\/2013\/10\/SUMMERDREAM-1280x851.jpg\" class=\"attachment-large size-large\" alt=\"Photo @ Copy MrLukkor\u00a9\" srcset=\"https:\/\/www.18x24.it\/wp-content\/uploads\/2013\/10\/SUMMERDREAM-1280x851.jpg 1280w, https:\/\/www.18x24.it\/wp-content\/uploads\/2013\/10\/SUMMERDREAM-600x400.jpg 600w, https:\/\/www.18x24.it\/wp-content\/uploads\/2013\/10\/SUMMERDREAM-900x598.jpg 900w\" sizes=\"auto, (max-width: 1200px) 100vw, 1200px\" \/>\n                <p class='flex-caption'>\n                Summer Dream \n                <\/p><\/li><li><img loading=\"lazy\" decoding=\"async\" width=\"1200\" height=\"1599\" src=\"https:\/\/www.18x24.it\/wp-content\/uploads\/2013\/06\/BARBIEGIRL-2-1280x1706.jpg\" class=\"attachment-large size-large\" alt=\"BARBIE GIRL \u00a9 mrlukkor\" srcset=\"https:\/\/www.18x24.it\/wp-content\/uploads\/2013\/06\/BARBIEGIRL-2-1280x1706.jpg 1280w, https:\/\/www.18x24.it\/wp-content\/uploads\/2013\/06\/BARBIEGIRL-2-900x1200.jpg 900w, https:\/\/www.18x24.it\/wp-content\/uploads\/2013\/06\/BARBIEGIRL-2.jpg 1920w\" sizes=\"auto, (max-width: 1200px) 100vw, 1200px\" \/>\n                <p class='flex-caption'>\n                BARBIE GIRL\n                <\/p><\/li><\/ul> <!-- .slides --><ul class=\"slide-thumbs\"><li><img loading=\"lazy\" decoding=\"async\" width=\"120\" height=\"80\" src=\"https:\/\/www.18x24.it\/wp-content\/uploads\/2013\/11\/window_Copy-Mrlukkor-600x400.jpg\" class=\"attachment-thumbnail size-thumbnail\" alt=\"\" \/><\/li><li><img loading=\"lazy\" decoding=\"async\" width=\"120\" height=\"80\" src=\"https:\/\/www.18x24.it\/wp-content\/uploads\/2013\/02\/02330014-copia-600x400.jpg\" class=\"attachment-thumbnail size-thumbnail\" alt=\"HAPPY (c) luca romano\" \/><\/li><li><img loading=\"lazy\" decoding=\"async\" width=\"120\" height=\"80\" src=\"https:\/\/www.18x24.it\/wp-content\/uploads\/2013\/10\/HAT-e1382853968815-600x400.jpg\" class=\"attachment-thumbnail size-thumbnail\" alt=\"HAT @ mrlukkor\u00ae\" \/><\/li><li><img loading=\"lazy\" decoding=\"async\" width=\"120\" height=\"80\" src=\"https:\/\/www.18x24.it\/wp-content\/uploads\/2013\/10\/MLK9565-600x400.jpg\" class=\"attachment-thumbnail size-thumbnail\" alt=\"MyWIFE @ MRLUKKOR\u00ae\" srcset=\"https:\/\/www.18x24.it\/wp-content\/uploads\/2013\/10\/MLK9565-600x400.jpg 600w, https:\/\/www.18x24.it\/wp-content\/uploads\/2013\/10\/MLK9565-900x598.jpg 900w, https:\/\/www.18x24.it\/wp-content\/uploads\/2013\/10\/MLK9565-1280x851.jpg 1280w\" sizes=\"auto, (max-width: 120px) 100vw, 120px\" \/><\/li><li><img loading=\"lazy\" decoding=\"async\" width=\"120\" height=\"80\" src=\"https:\/\/www.18x24.it\/wp-content\/uploads\/2013\/10\/SUMMERDREAM-600x400.jpg\" class=\"attachment-thumbnail size-thumbnail\" alt=\"Photo @ Copy MrLukkor\u00a9\" srcset=\"https:\/\/www.18x24.it\/wp-content\/uploads\/2013\/10\/SUMMERDREAM-600x400.jpg 600w, https:\/\/www.18x24.it\/wp-content\/uploads\/2013\/10\/SUMMERDREAM-900x598.jpg 900w, https:\/\/www.18x24.it\/wp-content\/uploads\/2013\/10\/SUMMERDREAM-1280x851.jpg 1280w\" sizes=\"auto, (max-width: 120px) 100vw, 120px\" \/><\/li><li><img loading=\"lazy\" decoding=\"async\" width=\"120\" height=\"80\" src=\"https:\/\/www.18x24.it\/wp-content\/uploads\/2013\/06\/BARBIEGIRL-2-600x400.jpg\" class=\"attachment-thumbnail size-thumbnail\" alt=\"BARBIE GIRL \u00a9 mrlukkor\" \/><\/li><\/ul><\/div>\n\n<p>MrLukkor<\/p>\n<figure id=\"attachment_1639\" aria-describedby=\"caption-attachment-1639\" style=\"width: 1200px\" class=\"wp-caption aligncenter\"><a href=\"http:\/\/car.18x24.it\/lucaromano\/\"><img loading=\"lazy\" decoding=\"async\" class=\"size-large wp-image-1639\" src=\"http:\/\/www.18x24.it\/wp-content\/uploads\/2013\/11\/mrlukkor-1280x960.jpg\" alt=\"MrLukkor\" width=\"1200\" height=\"900\" srcset=\"https:\/\/www.18x24.it\/wp-content\/uploads\/2013\/11\/mrlukkor-1280x960.jpg 1280w, https:\/\/www.18x24.it\/wp-content\/uploads\/2013\/11\/mrlukkor-533x400.jpg 533w, https:\/\/www.18x24.it\/wp-content\/uploads\/2013\/11\/mrlukkor-900x675.jpg 900w, https:\/\/www.18x24.it\/wp-content\/uploads\/2013\/11\/mrlukkor-1600x1200.jpg 1600w\" sizes=\"auto, (max-width: 1200px) 100vw, 1200px\" \/><\/a><figcaption id=\"caption-attachment-1639\" class=\"wp-caption-text\">MrLukkor<\/figcaption><\/figure>\n\n\n<hr class=\"wp-block-separator is-style-wide\"\/>\n\n\n\n<div style=\"height:100px\" aria-hidden=\"true\" class=\"wp-block-spacer\"><\/div>\n","protected":false},"excerpt":{"rendered":"<p>&nbsp; Ma io cosa ho da dire?Direi proprio nulla.Mi piace la fotografia e fotografo per me, non per gli altri.Pubblico le foto perch\u00e9 voglio poterle vedere sempre, in ogni luogo.E da qualsiasi &#8220;dispositivo&#8221;.Meglio se un prodotto Apple. Appendice. 12 luglio 2018.Logica conclusione di qualcosa che &#8220;sentivo&#8221; dal 16 Agosto 2016, quando le lacrime viste negli specchietti di una Subaru non &#8230;<\/p>\n","protected":false},"author":1,"featured_media":1308,"parent":0,"menu_order":0,"comment_status":"closed","ping_status":"closed","template":"","meta":{"ngg_post_thumbnail":0,"iawp_total_views":5,"footnotes":""},"class_list":["post-1373","page","type-page","status-publish","has-post-thumbnail","hentry"],"_links":{"self":[{"href":"https:\/\/www.18x24.it\/index.php?rest_route=\/wp\/v2\/pages\/1373","targetHints":{"allow":["GET"]}}],"collection":[{"href":"https:\/\/www.18x24.it\/index.php?rest_route=\/wp\/v2\/pages"}],"about":[{"href":"https:\/\/www.18x24.it\/index.php?rest_route=\/wp\/v2\/types\/page"}],"author":[{"embeddable":true,"href":"https:\/\/www.18x24.it\/index.php?rest_route=\/wp\/v2\/users\/1"}],"replies":[{"embeddable":true,"href":"https:\/\/www.18x24.it\/index.php?rest_route=%2Fwp%2Fv2%2Fcomments&post=1373"}],"version-history":[{"count":13,"href":"https:\/\/www.18x24.it\/index.php?rest_route=\/wp\/v2\/pages\/1373\/revisions"}],"predecessor-version":[{"id":13306,"href":"https:\/\/www.18x24.it\/index.php?rest_route=\/wp\/v2\/pages\/1373\/revisions\/13306"}],"wp:featuredmedia":[{"embeddable":true,"href":"https:\/\/www.18x24.it\/index.php?rest_route=\/wp\/v2\/media\/1308"}],"wp:attachment":[{"href":"https:\/\/www.18x24.it\/index.php?rest_route=%2Fwp%2Fv2%2Fmedia&parent=1373"}],"curies":[{"name":"wp","href":"https:\/\/api.w.org\/{rel}","templated":true}]}}